{"id":27,"date":"2026-05-17T15:36:29","date_gmt":"2026-05-17T15:36:29","guid":{"rendered":"https:\/\/centrocanino.dosdediez.com\/?page_id=27"},"modified":"2026-05-17T15:37:04","modified_gmt":"2026-05-17T15:37:04","slug":"sobre-nosotros","status":"publish","type":"page","link":"https:\/\/centrocanino.dosdediez.com\/?page_id=27","title":{"rendered":"Sobre Nosotros"},"content":{"rendered":"\t\t<div data-elementor-type=\"wp-page\" data-elementor-id=\"27\" class=\"elementor elementor-27\" data-elementor-post-type=\"page\">\n\t\t\t\t\t\t<section class=\"elementor-section elementor-top-section elementor-element elementor-element-25c4feaf elementor-section-boxed elementor-section-height-default elementor-section-height-default\" data-id=\"25c4feaf\" data-element_type=\"section\" data-e-type=\"section\" data-settings=\"{&quot;background_background&quot;:&quot;classic&quot;}\">\n\t\t\t\t\t\t<div class=\"elementor-container elementor-column-gap-default\">\n\t\t\t\t\t<div class=\"elementor-column elementor-col-50 elementor-top-column elementor-element elementor-element-fede01e\" data-id=\"fede01e\" data-element_type=\"column\" data-e-type=\"column\">\n\t\t\t<div class=\"elementor-widget-wrap elementor-element-populated\">\n\t\t\t\t\t\t<div class=\"elementor-element elementor-element-5a8268fd elementor-widget elementor-widget-heading\" data-id=\"5a8268fd\" data-element_type=\"widget\" data-e-type=\"widget\" data-widget_type=\"heading.default\">\n\t\t\t\t\t<span class=\"elementor-heading-title elementor-size-default\">NUESTRA PASI\u00d3N CANINA<\/span>\t\t\t\t<\/div>\n\t\t\t\t<div class=\"elementor-element elementor-element-6bd5c23c elementor-widget elementor-widget-heading\" data-id=\"6bd5c23c\" data-element_type=\"widget\" data-e-type=\"widget\" data-widget_type=\"heading.default\">\n\t\t\t\t\t<h1 class=\"elementor-heading-title elementor-size-default\">Amantes de los perros con formaci\u00f3n cient\u00edfica.<\/h1>\t\t\t\t<\/div>\n\t\t\t\t<div class=\"elementor-element elementor-element-e2d7b91 elementor-widget elementor-widget-text-editor\" data-id=\"e2d7b91\" data-element_type=\"widget\" data-e-type=\"widget\" data-widget_type=\"text-editor.default\">\n\t\t\t\t\t\t\t\t\t<p>Nacimos con un prop\u00f3sito claro: desterrar las viejas metodolog\u00edas de castigo y las fr\u00edas jaulas residenciales en Galicia. Creemos en una educaci\u00f3n comprensiva, en la etolog\u00eda aplicada y en brindar a tu perro un segundo hogar seguro y amoroso en medio de la naturaleza de Cerdedo.<\/p>\t\t\t\t\t\t\t\t<\/div>\n\t\t\t\t\t<\/div>\n\t\t<\/div>\n\t\t\t\t<div class=\"elementor-column elementor-col-50 elementor-top-column elementor-element elementor-element-6e010900\" data-id=\"6e010900\" data-element_type=\"column\" data-e-type=\"column\" data-settings=\"{&quot;background_background&quot;:&quot;classic&quot;}\">\n\t\t\t<div class=\"elementor-widget-wrap elementor-element-populated\">\n\t\t\t\t\t\t<div class=\"elementor-element elementor-element-3fb3fe35 elementor-widget elementor-widget-heading\" data-id=\"3fb3fe35\" data-element_type=\"widget\" data-e-type=\"widget\" data-widget_type=\"heading.default\">\n\t\t\t\t\t<h3 class=\"elementor-heading-title elementor-size-default\">Un gran equipo humano<\/h3>\t\t\t\t<\/div>\n\t\t\t\t<div class=\"elementor-element elementor-element-33348572 elementor-widget elementor-widget-text-editor\" data-id=\"33348572\" data-element_type=\"widget\" data-e-type=\"widget\" data-widget_type=\"text-editor.default\">\n\t\t\t\t\t\t\t\t\t<p>Educadores, cuidadores y et\u00f3logos titulados dedicados al 100% al bienestar canino.<\/p>\t\t\t\t\t\t\t\t<\/div>\n\t\t\t\t\t<\/div>\n\t\t<\/div>\n\t\t\t\t\t<\/div>\n\t\t<\/section>\n\t\t\t\t<section class=\"elementor-section elementor-top-section elementor-element elementor-element-cca452e elementor-section-boxed elementor-section-height-default elementor-section-height-default\" data-id=\"cca452e\" data-element_type=\"section\" data-e-type=\"section\" data-settings=\"{&quot;background_background&quot;:&quot;classic&quot;}\">\n\t\t\t\t\t\t<div class=\"elementor-container elementor-column-gap-default\">\n\t\t\t\t\t<div class=\"elementor-column elementor-col-33 elementor-top-column elementor-element elementor-element-60375516\" data-id=\"60375516\" data-element_type=\"column\" data-e-type=\"column\">\n\t\t\t<div class=\"elementor-widget-wrap elementor-element-populated\">\n\t\t\t\t\t\t<div class=\"elementor-element elementor-element-5154614e elementor-widget elementor-widget-heading\" data-id=\"5154614e\" data-element_type=\"widget\" data-e-type=\"widget\" data-widget_type=\"heading.default\">\n\t\t\t\t\t<h4 class=\"elementor-heading-title elementor-size-default\">Respeto y Ciencia<\/h4>\t\t\t\t<\/div>\n\t\t\t\t<div class=\"elementor-element elementor-element-56110cfb elementor-widget elementor-widget-text-editor\" data-id=\"56110cfb\" data-element_type=\"widget\" data-e-type=\"widget\" data-widget_type=\"text-editor.default\">\n\t\t\t\t\t\t\t\t\t<p>Basamos todo nuestro trabajo en la etolog\u00eda y psicolog\u00eda de aprendizaje animal. No usamos collares de estrangulamiento, jaulas de aislamiento ni m\u00e9todos basados en la dominancia f\u00edsica o el miedo.<\/p>\t\t\t\t\t\t\t\t<\/div>\n\t\t\t\t\t<\/div>\n\t\t<\/div>\n\t\t\t\t<div class=\"elementor-column elementor-col-33 elementor-top-column elementor-element elementor-element-5e58454d\" data-id=\"5e58454d\" data-element_type=\"column\" data-e-type=\"column\">\n\t\t\t<div class=\"elementor-widget-wrap elementor-element-populated\">\n\t\t\t\t\t\t<div class=\"elementor-element elementor-element-d0371a1 elementor-widget elementor-widget-heading\" data-id=\"d0371a1\" data-element_type=\"widget\" data-e-type=\"widget\" data-widget_type=\"heading.default\">\n\t\t\t\t\t<h4 class=\"elementor-heading-title elementor-size-default\">Transparencia Total<\/h4>\t\t\t\t<\/div>\n\t\t\t\t<div class=\"elementor-element elementor-element-4ffb88a5 elementor-widget elementor-widget-text-editor\" data-id=\"4ffb88a5\" data-element_type=\"widget\" data-e-type=\"widget\" data-widget_type=\"text-editor.default\">\n\t\t\t\t\t\t\t\t\t<p>Creemos que la paz mental de los tutores es clave. Por eso mostramos nuestras instalaciones tal como son y enviamos diariamente v\u00eddeos de su perro disfrutando con nosotros.<\/p>\t\t\t\t\t\t\t\t<\/div>\n\t\t\t\t\t<\/div>\n\t\t<\/div>\n\t\t\t\t<div class=\"elementor-column elementor-col-33 elementor-top-column elementor-element elementor-element-4e8a381f\" data-id=\"4e8a381f\" data-element_type=\"column\" data-e-type=\"column\">\n\t\t\t<div class=\"elementor-widget-wrap elementor-element-populated\">\n\t\t\t\t\t\t<div class=\"elementor-element elementor-element-57159f79 elementor-widget elementor-widget-heading\" data-id=\"57159f79\" data-element_type=\"widget\" data-e-type=\"widget\" data-widget_type=\"heading.default\">\n\t\t\t\t\t<h4 class=\"elementor-heading-title elementor-size-default\">Seguridad Rigurosa<\/h4>\t\t\t\t<\/div>\n\t\t\t\t<div class=\"elementor-element elementor-element-76653a42 elementor-widget elementor-widget-text-editor\" data-id=\"76653a42\" data-element_type=\"widget\" data-e-type=\"widget\" data-widget_type=\"text-editor.default\">\n\t\t\t\t\t\t\t\t\t<p>Nuestros terrenos disponen de doble vallado perimetral y supervisi\u00f3n f\u00edsica constante por cuidadores titulados. Contamos con un protocolo veterinario riguroso y concertado las 24 horas.<\/p>\t\t\t\t\t\t\t\t<\/div>\n\t\t\t\t\t<\/div>\n\t\t<\/div>\n\t\t\t\t\t<\/div>\n\t\t<\/section>\n\t\t\t\t<\/div>\n\t\t","protected":false},"excerpt":{"rendered":"<p>NUESTRA PASI\u00d3N CANINA Amantes de los perros con formaci\u00f3n cient\u00edfica. Nacimos con un prop\u00f3sito claro: desterrar las viejas metodolog\u00edas de castigo y las fr\u00edas jaulas residenciales en Galicia. Creemos en una educaci\u00f3n comprensiva, en la etolog\u00eda aplicada y en brindar a tu perro un segundo hogar seguro y amoroso en medio de la naturaleza de &#8230; <a title=\"Sobre Nosotros\" class=\"read-more\" href=\"https:\/\/centrocanino.dosdediez.com\/?page_id=27\" aria-label=\"Leer m\u00e1s sobre Sobre Nosotros\">Leer m\u00e1s<\/a><\/p>\n","protected":false},"author":1,"featured_media":0,"parent":0,"menu_order":0,"comment_status":"closed","ping_status":"closed","template":"elementor_header_footer","meta":{"footnotes":""},"class_list":["post-27","page","type-page","status-publish"],"_links":{"self":[{"href":"https:\/\/centrocanino.dosdediez.com\/index.php?rest_route=\/wp\/v2\/pages\/27","targetHints":{"allow":["GET"]}}],"collection":[{"href":"https:\/\/centrocanino.dosdediez.com\/index.php?rest_route=\/wp\/v2\/pages"}],"about":[{"href":"https:\/\/centrocanino.dosdediez.com\/index.php?rest_route=\/wp\/v2\/types\/page"}],"author":[{"embeddable":true,"href":"https:\/\/centrocanino.dosdediez.com\/index.php?rest_route=\/wp\/v2\/users\/1"}],"replies":[{"embeddable":true,"href":"https:\/\/centrocanino.dosdediez.com\/index.php?rest_route=%2Fwp%2Fv2%2Fcomments&post=27"}],"version-history":[{"count":4,"href":"https:\/\/centrocanino.dosdediez.com\/index.php?rest_route=\/wp\/v2\/pages\/27\/revisions"}],"predecessor-version":[{"id":31,"href":"https:\/\/centrocanino.dosdediez.com\/index.php?rest_route=\/wp\/v2\/pages\/27\/revisions\/31"}],"wp:attachment":[{"href":"https:\/\/centrocanino.dosdediez.com\/index.php?rest_route=%2Fwp%2Fv2%2Fmedia&parent=27"}],"curies":[{"name":"wp","href":"https:\/\/api.w.org\/{rel}","templated":true}]}}